{"id":35,"date":"2010-02-17T13:29:34","date_gmt":"2010-02-17T12:29:34","guid":{"rendered":"http:\/\/www.kattliv.com\/start\/?page_id=35"},"modified":"2012-11-26T14:08:38","modified_gmt":"2012-11-26T13:08:38","slug":"kattipset","status":"publish","type":"page","link":"https:\/\/www.kattliv.com\/start\/?page_id=35","title":{"rendered":"Kattipset"},"content":{"rendered":"<p style=\"text-align: left;\"><img decoding=\"async\" loading=\"lazy\" class=\"size-full wp-image-1680 alignleft\" src=\"https:\/\/www.kattliv.com\/start\/wp-content\/uploads\/\/2010\/02\/hello.jpg\" alt=\"\" width=\"300\" height=\"325\" srcset=\"https:\/\/www.kattliv.com\/start\/wp-content\/uploads\/2010\/02\/hello.jpg 300w, https:\/\/www.kattliv.com\/start\/wp-content\/uploads\/2010\/02\/hello-276x300.jpg 276w\" sizes=\"(max-width: 300px) 100vw, 300px\" \/><\/p>\n<p style=\"text-align: left;\">L\u00c4S P\u00c5 OCH VINN KATTMAT!<br \/>\nOm du l\u00e4st alla artiklar i Kattliv nr 8 ska det inte vara n\u00e5gra problem att besvara de f\u00f6ljande fr\u00e5gorna. Fyll i dina svar och kontaktuppgifter via formul\u00e4ret nedan. Skicka ditt svar f\u00f6re 14 januari.<\/p>\n<form action=\"http:\/\/www.kattliv.com\/formdata.php\" method=\"post\"><strong>1. Till vilka djur anv\u00e4nds Ninas produkter i rehabiliteringssyfte??<\/strong><\/p>\n<p style=\"text-align: left;\"><input type=\"radio\" name=\"fr_1\" value=\"1\" \/> 1. \u00d6rnar<\/p>\n<p style=\"text-align: left;\"><input type=\"radio\" name=\"fr_1\" value=\"X\" \/> X. Hundar<\/p>\n<p style=\"text-align: left;\"><input type=\"radio\" name=\"fr_1\" value=\"2\" \/> 2. Katter<\/p>\n<p>&nbsp;<\/p>\n<p><strong>2. Paula Ternstr\u00f6ms katt \u00e4r blandras mellan bondkatt och\u2026<\/strong><\/p>\n<p style=\"text-align: left;\"><input type=\"radio\" name=\"fr_2\" value=\"1\" \/> 1. Abessinier<\/p>\n<p style=\"text-align: left;\"><input type=\"radio\" name=\"fr_2\" value=\"X\" \/> X. Russian blue<\/p>\n<p style=\"text-align: left;\"><input type=\"radio\" name=\"fr_2\" value=\"2\" \/> 2. Norsk skogkatt<\/p>\n<p><strong>3. Helenas katt Messi \u00e4lskar<\/strong><\/p>\n<p style=\"text-align: left;\"><input type=\"radio\" name=\"fr_3\" value=\"1\" \/> 1. Foppaskor<\/p>\n<p style=\"text-align: left;\"><input type=\"radio\" name=\"fr_3\" value=\"X\" \/> X. Penslar<\/p>\n<p style=\"text-align: left;\"><input type=\"radio\" name=\"fr_3\" value=\"2\" \/> 2. Tandborstar<\/p>\n<p><strong>4. Hur m\u00e5nga katter omplacerar Norrt\u00e4lje Katthem varje \u00e5r?<\/strong><\/p>\n<p style=\"text-align: left;\"><input type=\"radio\" name=\"fr_4\" value=\"1\" \/> 1. ca 60<\/p>\n<p style=\"text-align: left;\"><input type=\"radio\" name=\"fr_4\" value=\"X\" \/> X. ca 100<\/p>\n<p style=\"text-align: left;\"><input type=\"radio\" name=\"fr_4\" value=\"2\" \/> 2. ca 200<\/p>\n<p><strong>5. Vad \u00e4r inte den vanligaste d\u00f6dsorsaken bland de heml\u00f6sa katterna i Jerusalem?<\/strong><\/p>\n<p style=\"text-align: left;\"><input type=\"radio\" name=\"fr_5\" value=\"1\" \/> 1. \u00c5lderdom<\/p>\n<p style=\"text-align: left;\"><input type=\"radio\" name=\"fr_5\" value=\"X\" \/> X. Benbrott<\/p>\n<p style=\"text-align: left;\"><input type=\"radio\" name=\"fr_5\" value=\"2\" \/> 2. S\u00e5skador<\/p>\n<p style=\"text-align: left;\"><input type=\"hidden\" name=\"env_report\" value=\"REMOTE_HOST,REMOTE_ADDR,HTTP_USER_AGENT,AUTH_TYPE,REMOTE_USER\" \/> <input type=\"hidden\" name=\"recipients\" value=\"infoY3F9Dkattliv.com\" \/> <input type=\"hidden\" name=\"subject\" value=\"Kattipset\" \/> <input type=\"hidden\" name=\"good_url\" value=\"https:\/\/www.kattliv.com\/start\/?page_id=253\" \/> <input type=\"hidden\" name=\"mail_options\" value=\"CharSet=utf-8\" \/><\/p>\n<table width=\"450\" border=\"0\" cellspacing=\"10\" cellpadding=\"1\">\n<tbody>\n<tr>\n<td>Namn<\/td>\n<td><input type=\"text\" name=\"namn\" \/><\/td>\n<\/tr>\n<tr>\n<td>Adress<\/td>\n<td><input type=\"text\" name=\"Adress\" \/><\/td>\n<\/tr>\n<tr>\n<td>Postadress<\/td>\n<td><input type=\"text\" name=\"Postadress\" \/><\/td>\n<\/tr>\n<tr>\n<td>Telefon<\/td>\n<td><input type=\"text\" name=\"Telefon\" \/><\/td>\n<\/tr>\n<tr>\n<td>E-post<\/td>\n<td><input type=\"text\" name=\"epost\" \/><\/td>\n<\/tr>\n<tr>\n<td><input type=\"reset\" name=\"reset\" value=\"rensa\" \/><\/td>\n<td><input type=\"submit\" name=\"skicka\" value=\"skicka\" \/><\/td>\n<\/tr>\n<\/tbody>\n<\/table>\n<\/form>\n<p>1:a Pris: 8 kg Advance Chicken &amp; Rice<\/p>\n<p>2:a pris: 3 kg Advance Chicken &amp; Rice<\/p>\n<p>3:e-5:e pris: 1,5 kg Advance Chicken &amp; Rice<\/p>\n<p>6:e-10:e pris: Espree Silky Show Cat Schampoo<\/p>\n","protected":false},"excerpt":{"rendered":"<p>L\u00c4S P\u00c5 OCH VINN KATTMAT! Om du l\u00e4st alla artiklar i Kattliv nr 8 ska det inte vara n\u00e5gra problem att besvara de f\u00f6ljande fr\u00e5gorna. Fyll i dina svar och kontaktuppgifter via formul\u00e4ret nedan. Skicka ditt svar f\u00f6re 14 januari. 1. Till vilka djur anv\u00e4nds Ninas produkter i rehabiliteringssyfte?? 1. \u00d6rnar X. Hundar 2. Katter&#8230;<\/p>\n","protected":false},"author":1,"featured_media":0,"parent":0,"menu_order":12,"comment_status":"closed","ping_status":"open","template":"","meta":[],"_links":{"self":[{"href":"https:\/\/www.kattliv.com\/start\/index.php?rest_route=\/wp\/v2\/pages\/35"}],"collection":[{"href":"https:\/\/www.kattliv.com\/start\/index.php?rest_route=\/wp\/v2\/pages"}],"about":[{"href":"https:\/\/www.kattliv.com\/start\/index.php?rest_route=\/wp\/v2\/types\/page"}],"author":[{"embeddable":true,"href":"https:\/\/www.kattliv.com\/start\/index.php?rest_route=\/wp\/v2\/users\/1"}],"replies":[{"embeddable":true,"href":"https:\/\/www.kattliv.com\/start\/index.php?rest_route=%2Fwp%2Fv2%2Fcomments&post=35"}],"version-history":[{"count":112,"href":"https:\/\/www.kattliv.com\/start\/index.php?rest_route=\/wp\/v2\/pages\/35\/revisions"}],"predecessor-version":[{"id":432,"href":"https:\/\/www.kattliv.com\/start\/index.php?rest_route=\/wp\/v2\/pages\/35\/revisions\/432"}],"wp:attachment":[{"href":"https:\/\/www.kattliv.com\/start\/index.php?rest_route=%2Fwp%2Fv2%2Fmedia&parent=35"}],"curies":[{"name":"wp","href":"https:\/\/api.w.org\/{rel}","templated":true}]}}