{"id":38,"date":"2010-02-17T13:38:41","date_gmt":"2010-02-17T12:38:41","guid":{"rendered":"http:\/\/www.kattliv.com\/start\/?page_id=38"},"modified":"2019-11-25T12:11:50","modified_gmt":"2019-11-25T11:11:50","slug":"katteljen","status":"publish","type":"page","link":"https:\/\/www.kattliv.com\/start\/?page_id=38","title":{"rendered":"Kattelj\u00e9n"},"content":{"rendered":"<p><img decoding=\"async\" loading=\"lazy\" class=\"alignnone size-full wp-image-3630\" src=\"https:\/\/www.kattliv.com\/start\/wp-content\/uploads\/\/2010\/02\/katteljen_boken2019.jpg\" alt=\"katteljen_boken2019\" width=\"595\" height=\"234\" srcset=\"https:\/\/www.kattliv.com\/start\/wp-content\/uploads\/2010\/02\/katteljen_boken2019.jpg 595w, https:\/\/www.kattliv.com\/start\/wp-content\/uploads\/2010\/02\/katteljen_boken2019-300x117.jpg 300w\" sizes=\"(max-width: 595px) 100vw, 595px\" \/><\/p>\n<p>Brukar du fotografera din katt? Har du n\u00e5gon bild du \u00e4r extra n\u00f6jd med? Presentera din \u00e4lskling i Kattelj\u00e9n och du har chans att vinna praktiska boken \u201dMin Skatt\u201d. Fyll i formul\u00e4ret l\u00e4ngst ner p\u00e5 sidan, samt mejla h\u00f6guppl\u00f6st bild till <a href=\"mailto:info@kattliv.com\"><span style=\"color: #bb0000;\">info@kattliv.com<\/span><\/a>. Skriv kattelj\u00e9n i \u00e4mnesraden.<\/p>\n<p>* * * * * * * * * * * * * * * * * * * * * * * * * * * * * * * * * * * * * * * * *<\/p>\n<p><a href=\"https:\/\/www.kattliv.com\/start\/wp-content\/uploads\/\/2019\/11\/IMG_20181227_134728303_TOP.jpg\" rel=\"lightbox[38]\"><img decoding=\"async\" loading=\"lazy\" class=\"alignnone size-large wp-image-3728\" src=\"https:\/\/www.kattliv.com\/start\/wp-content\/uploads\/\/2019\/11\/IMG_20181227_134728303_TOP-575x1024.jpg\" alt=\"Kattelj\u00e9n\" width=\"575\" height=\"1024\" srcset=\"https:\/\/www.kattliv.com\/start\/wp-content\/uploads\/2019\/11\/IMG_20181227_134728303_TOP-575x1024.jpg 575w, https:\/\/www.kattliv.com\/start\/wp-content\/uploads\/2019\/11\/IMG_20181227_134728303_TOP-168x300.jpg 168w\" sizes=\"(max-width: 575px) 100vw, 575px\" \/><\/a><\/p>\n<h3>Vinnare i Kattliv nr 8\/2019 &#8211; Nikita<\/h3>\n<p>Ras: Neva Masquerade<br \/>\n\u00c5lder: 4 m\u00e5nader<br \/>\nHemort: Link\u00f6ping<br \/>\n\u00c4gare: Lisa<br \/>\nFavoritmat: Kattungemat \u00e4r god b\u00e5de i h\u00e5rd och mjuk form.<br \/>\nFavoritplats: Mattes s\u00e4ng<br \/>\nFavoritlek: Anfalla allt som r\u00f6r sig<br \/>\nMinne: Har f\u00f6rsta koppelpromenaden i f\u00e4rskt minne. Lade sig platt p\u00e5 gatan vid m\u00f6te med hund och cykel. F\u00f6rs\u00f6kte ta skydd under en parkerad bil, men v\u00e4l p\u00e5 plats i skogen var han en nyfiken tiger som gick fot.<br \/>\nPersonlig egenhet: Har en tendens att missa det d\u00e4r med tyngdlagen. Inte riktigt koll p\u00e5 sin egen kropp i alla l\u00e4gen. V\u00e4rldens gosigaste kille som g\u00e4rna kryper upp och l\u00e4gger sig som en bebis i famnen.<\/p>\n<p style=\"text-align: left;\">* * * * * * * * * * * * * * * * * * * * * * * * * * * * * * * * * * * * * * * * *<\/p>\n<form action=\"http:\/\/www.kattliv.com\/formdata.php\" method=\"post\" name=\"Form1\"><input name=\"env_report\" type=\"hidden\" value=\"REMOTE_HOST,REMOTE_ADDR,HTTP_USER_AGENT,AUTH_TYPE,REMOTE_USER\" \/> <input name=\"recipients\" type=\"hidden\" value=\"infoY3F9Dkattliv.com\" \/> <input name=\"subject\" type=\"hidden\" value=\"Katteljen\" \/> <input name=\"good_url\" type=\"hidden\" value=\"https:\/\/www.kattliv.com\/start\/?page_id=253\" \/> <input name=\"mail_options\" type=\"hidden\" value=\"CharSet=utf-8\" \/>Skicka din b\u00e4sta kattbild till <a href=\"mailto:info@kattliv.com\">info@kattliv.com<\/a>\u00a0och fyll i formul\u00e4ret:<\/p>\n<table width=\"400\" cellspacing=\"10\" cellpadding=\"1\">\n<tbody>\n<tr>\n<td width=\"148\">Min katt heter<\/td>\n<td width=\"212\"><label><\/label><br \/>\n<input id=\"kattnamn\" name=\"kattnamn\" type=\"text\" \/><\/td>\n<\/tr>\n<tr>\n<td>Ras<\/td>\n<td><label><\/label><br \/>\n<input id=\"ras\" name=\"ras\" type=\"text\" \/><\/td>\n<\/tr>\n<tr>\n<td>\u00c5lder<\/td>\n<td><label><\/label><br \/>\n<input id=\"alder\" name=\"alder\" type=\"text\" \/><\/td>\n<\/tr>\n<tr>\n<td>Hemort<\/td>\n<td><label><\/label><br \/>\n<input id=\"hemort\" name=\"hemort\" type=\"text\" \/><\/td>\n<\/tr>\n<tr>\n<td>\u00c4gare<\/td>\n<td><label><\/label><br \/>\n<input id=\"agare\" name=\"agare\" type=\"text\" \/><\/td>\n<\/tr>\n<tr>\n<td>Favoritmat<\/td>\n<td><label><\/label><br \/>\n<input id=\"mat\" name=\"mat\" type=\"text\" \/><\/td>\n<\/tr>\n<tr>\n<td>Favoritplats<\/td>\n<td><label><\/label><br \/>\n<input id=\"plats\" name=\"plats\" type=\"text\" \/><\/td>\n<\/tr>\n<tr>\n<td>Favoritlek<\/td>\n<td><input id=\"lek\" name=\"lek\" type=\"text\" \/><\/td>\n<\/tr>\n<tr>\n<td>Favoritkompis<\/td>\n<td><input id=\"kompis\" name=\"kompis\" type=\"text\" \/><\/td>\n<\/tr>\n<tr>\n<td>\u00c4ventyrligaste minne<\/td>\n<td><input id=\"minne\" name=\"minne\" type=\"text\" \/><\/td>\n<\/tr>\n<tr>\n<td>Min katts personliga egenhet<\/td>\n<td><input id=\"egenhet\" name=\"egenhet\" type=\"text\" \/><\/td>\n<\/tr>\n<tr>\n<td>F\u00f6rs\u00e4krad<\/td>\n<td><label><\/label><br \/>\n<input id=\"forsakrad\" name=\"forsakrad\" type=\"radio\" value=\"ja\" \/> Ja<br \/>\n<input id=\"forsakrad2\" name=\"forsakrad\" type=\"radio\" value=\"nej\" \/> Nej<\/td>\n<\/tr>\n<tr>\n<td>F\u00f6rnamn<\/td>\n<td><input id=\"fnamn\" name=\"fnamn\" type=\"text\" \/> *<\/td>\n<\/tr>\n<tr>\n<td>Efternamn<\/td>\n<td><input id=\"enamn\" name=\"enamn\" type=\"text\" \/> *<\/td>\n<\/tr>\n<tr>\n<td>Gatuadress<\/td>\n<td><input id=\"gata\" name=\"gata\" type=\"text\" \/> *<\/td>\n<\/tr>\n<tr>\n<td>Postnr och ort<\/td>\n<td><input id=\"postort\" name=\"postort\" type=\"text\" \/> *<\/td>\n<\/tr>\n<tr>\n<td>Telefon<\/td>\n<td><input id=\"telefon\" name=\"telefon\" type=\"text\" \/><\/td>\n<\/tr>\n<tr>\n<td>E-post<\/td>\n<td><input id=\"epost\" name=\"epost\" type=\"text\" \/><\/td>\n<\/tr>\n<tr>\n<td><\/td>\n<td>* N\u00f6dv\u00e4ndiga uppgifter<\/td>\n<\/tr>\n<tr>\n<td><label><\/label><br \/>\n<input id=\"rensa\" name=\"rensa\" type=\"reset\" value=\"Radera f\u00e4lten\" \/><\/td>\n<td><label><\/label><br \/>\n<input id=\"button\" name=\"button\" type=\"submit\" value=\"Skicka uppgifter\" \/><\/td>\n<\/tr>\n<\/tbody>\n<\/table>\n<\/form>\n","protected":false},"excerpt":{"rendered":"<p>Brukar du fotografera din katt? Har du n\u00e5gon bild du \u00e4r extra n\u00f6jd med? Presentera din \u00e4lskling i Kattelj\u00e9n och du har chans att vinna praktiska boken \u201dMin Skatt\u201d. Fyll i formul\u00e4ret l\u00e4ngst ner p\u00e5 sidan, samt mejla h\u00f6guppl\u00f6st bild till info@kattliv.com. Skriv kattelj\u00e9n i \u00e4mnesraden. * * * * * * * * *&#8230;<\/p>\n","protected":false},"author":1,"featured_media":0,"parent":0,"menu_order":11,"comment_status":"closed","ping_status":"open","template":"","meta":[],"_links":{"self":[{"href":"https:\/\/www.kattliv.com\/start\/index.php?rest_route=\/wp\/v2\/pages\/38"}],"collection":[{"href":"https:\/\/www.kattliv.com\/start\/index.php?rest_route=\/wp\/v2\/pages"}],"about":[{"href":"https:\/\/www.kattliv.com\/start\/index.php?rest_route=\/wp\/v2\/types\/page"}],"author":[{"embeddable":true,"href":"https:\/\/www.kattliv.com\/start\/index.php?rest_route=\/wp\/v2\/users\/1"}],"replies":[{"embeddable":true,"href":"https:\/\/www.kattliv.com\/start\/index.php?rest_route=%2Fwp%2Fv2%2Fcomments&post=38"}],"version-history":[{"count":155,"href":"https:\/\/www.kattliv.com\/start\/index.php?rest_route=\/wp\/v2\/pages\/38\/revisions"}],"predecessor-version":[{"id":3730,"href":"https:\/\/www.kattliv.com\/start\/index.php?rest_route=\/wp\/v2\/pages\/38\/revisions\/3730"}],"wp:attachment":[{"href":"https:\/\/www.kattliv.com\/start\/index.php?rest_route=%2Fwp%2Fv2%2Fmedia&parent=38"}],"curies":[{"name":"wp","href":"https:\/\/api.w.org\/{rel}","templated":true}]}}